{"id":91,"date":"2026-02-15T15:25:55","date_gmt":"2026-02-15T15:25:55","guid":{"rendered":"https:\/\/silentmask.de\/?page_id=91"},"modified":"2026-02-15T15:42:47","modified_gmt":"2026-02-15T15:42:47","slug":"impresszum","status":"publish","type":"page","link":"https:\/\/silentmask.de\/?page_id=91","title":{"rendered":"Impresszum"},"content":{"rendered":"<p>[et_pb_section fb_built=&#8221;1&#8243; _builder_version=&#8221;4.27.5&#8243; _module_preset=&#8221;default&#8221; global_colors_info=&#8221;{}&#8221;][et_pb_row _builder_version=&#8221;4.27.5&#8243; _module_preset=&#8221;default&#8221; global_colors_info=&#8221;{}&#8221;][et_pb_column type=&#8221;4_4&#8243; _builder_version=&#8221;4.27.5&#8243; _module_preset=&#8221;default&#8221; global_colors_info=&#8221;{}&#8221;][et_pb_text _builder_version=&#8221;4.27.5&#8243; _module_preset=&#8221;default&#8221; global_colors_info=&#8221;{}&#8221;]<\/p>\n<p>IMPRESSUM<br \/>Angaben gem\u00e4\u00df \u00a7 5 TMG<br \/>Betreiber der Website:<br \/>Kov\u00e1cs \u00c1rp\u00e1d<\/p>\n<p>N\u00e9metorsz\u00e1g, Pforzheim, 75177, Redtenbacher Str 32A<\/p>\n<p>Telefon: <span style=\"font-size: 14px;\">+4915121094582<\/span><\/p>\n<p>E-Mail: [E-mail c\u00edmed]<\/p>\n<p>Webseite: www:\/\/silentmask.de<\/p>\n<p>Umsatzsteuer-Identifikationsnummer gem\u00e4\u00df \u00a7 27 a Umsatzsteuergesetz: [Ad\u00f3sz\u00e1m]<\/p>\n<p>Redaktionell verantwortlich: Kov\u00e1cs \u00c1rp\u00e1d<\/p>\n<p>N\u00e9metorsz\u00e1g, Pforzheim, 75177, Redtenbacher Str 32A<\/p>\n<p>EU-Streitschlichtung: Die Europ\u00e4ische Kommission stellt eine Plattform zur Online-Streitbeilegung (OS) bereit: https:\/\/ec.europa.eu\/consumers\/odr\/.<\/p>\n<p>Unsere E-Mail-Adresse finden Sie oben im Impressum.<\/p>\n<p>[\/et_pb_text][\/et_pb_column][\/et_pb_row][\/et_pb_section]<\/p>\n","protected":false},"excerpt":{"rendered":"<p>IMPRESSUMAngaben gem\u00e4\u00df \u00a7 5 TMGBetreiber der Website:Kov\u00e1cs \u00c1rp\u00e1d N\u00e9metorsz\u00e1g, Pforzheim, 75177, Redtenbacher Str 32A Telefon: +4915121094582 E-Mail: [E-mail c\u00edmed] Webseite: www:\/\/silentmask.de Umsatzsteuer-Identifikationsnummer gem\u00e4\u00df \u00a7 27 a Umsatzsteuergesetz: [Ad\u00f3sz\u00e1m] Redaktionell verantwortlich: Kov\u00e1cs \u00c1rp\u00e1d N\u00e9metorsz\u00e1g, Pforzheim, 75177, Redtenbacher Str 32A EU-Streitschlichtung: Die Europ\u00e4ische Kommission stellt eine Plattform zur Online-Streitbeilegung (OS) bereit: https:\/\/ec.europa.eu\/consumers\/odr\/. Unsere E-Mail-Adresse finden Sie oben [&hellip;]<\/p>\n","protected":false},"author":1,"featured_media":0,"parent":0,"menu_order":0,"comment_status":"closed","ping_status":"closed","template":"","meta":{"_et_pb_use_builder":"on","_et_pb_old_content":"","_et_gb_content_width":"","footnotes":""},"class_list":["post-91","page","type-page","status-publish","hentry"],"yoast_head":"<!-- This site is optimized with the Yoast SEO plugin v27.3 - https:\/\/yoast.com\/product\/yoast-seo-wordpress\/ -->\n<title>Impresszum - silentmask.de<\/title>\n<meta name=\"robots\" content=\"noindex, nofollow\" \/>\n<meta property=\"og:locale\" content=\"en_US\" \/>\n<meta property=\"og:type\" content=\"article\" \/>\n<meta property=\"og:title\" content=\"Impresszum - silentmask.de\" \/>\n<meta property=\"og:description\" content=\"IMPRESSUMAngaben gem\u00e4\u00df \u00a7 5 TMGBetreiber der Website:Kov\u00e1cs \u00c1rp\u00e1d N\u00e9metorsz\u00e1g, Pforzheim, 75177, Redtenbacher Str 32A Telefon: +4915121094582 E-Mail: [E-mail c\u00edmed] Webseite: www:\/\/silentmask.de Umsatzsteuer-Identifikationsnummer gem\u00e4\u00df \u00a7 27 a Umsatzsteuergesetz: [Ad\u00f3sz\u00e1m] Redaktionell verantwortlich: Kov\u00e1cs \u00c1rp\u00e1d N\u00e9metorsz\u00e1g, Pforzheim, 75177, Redtenbacher Str 32A EU-Streitschlichtung: Die Europ\u00e4ische Kommission stellt eine Plattform zur Online-Streitbeilegung (OS) bereit: https:\/\/ec.europa.eu\/consumers\/odr\/. Unsere E-Mail-Adresse finden Sie oben [&hellip;]\" \/>\n<meta property=\"og:url\" content=\"https:\/\/silentmask.de\/?page_id=91\" \/>\n<meta property=\"og:site_name\" content=\"silentmask.de\" \/>\n<meta property=\"article:modified_time\" content=\"2026-02-15T15:42:47+00:00\" \/>\n<meta name=\"twitter:card\" content=\"summary_large_image\" \/>\n<script type=\"application\/ld+json\" class=\"yoast-schema-graph\">{\"@context\":\"https:\\\/\\\/schema.org\",\"@graph\":[{\"@type\":\"WebPage\",\"@id\":\"https:\\\/\\\/silentmask.de\\\/?page_id=91\",\"url\":\"https:\\\/\\\/silentmask.de\\\/?page_id=91\",\"name\":\"Impresszum - silentmask.de\",\"isPartOf\":{\"@id\":\"https:\\\/\\\/silentmask.de\\\/#website\"},\"datePublished\":\"2026-02-15T15:25:55+00:00\",\"dateModified\":\"2026-02-15T15:42:47+00:00\",\"breadcrumb\":{\"@id\":\"https:\\\/\\\/silentmask.de\\\/?page_id=91#breadcrumb\"},\"inLanguage\":\"en-US\",\"potentialAction\":[{\"@type\":\"ReadAction\",\"target\":[\"https:\\\/\\\/silentmask.de\\\/?page_id=91\"]}]},{\"@type\":\"BreadcrumbList\",\"@id\":\"https:\\\/\\\/silentmask.de\\\/?page_id=91#breadcrumb\",\"itemListElement\":[{\"@type\":\"ListItem\",\"position\":1,\"name\":\"Home\",\"item\":\"https:\\\/\\\/silentmask.de\\\/\"},{\"@type\":\"ListItem\",\"position\":2,\"name\":\"Impresszum\"}]},{\"@type\":\"WebSite\",\"@id\":\"https:\\\/\\\/silentmask.de\\\/#website\",\"url\":\"https:\\\/\\\/silentmask.de\\\/\",\"name\":\"silentmask.de\",\"description\":\"Silent Mask\",\"potentialAction\":[{\"@type\":\"SearchAction\",\"target\":{\"@type\":\"EntryPoint\",\"urlTemplate\":\"https:\\\/\\\/silentmask.de\\\/?s={search_term_string}\"},\"query-input\":{\"@type\":\"PropertyValueSpecification\",\"valueRequired\":true,\"valueName\":\"search_term_string\"}}],\"inLanguage\":\"en-US\"}]}<\/script>\n<!-- \/ Yoast SEO plugin. -->","yoast_head_json":{"title":"Impresszum - silentmask.de","robots":{"index":"noindex","follow":"nofollow"},"og_locale":"en_US","og_type":"article","og_title":"Impresszum - silentmask.de","og_description":"IMPRESSUMAngaben gem\u00e4\u00df \u00a7 5 TMGBetreiber der Website:Kov\u00e1cs \u00c1rp\u00e1d N\u00e9metorsz\u00e1g, Pforzheim, 75177, Redtenbacher Str 32A Telefon: +4915121094582 E-Mail: [E-mail c\u00edmed] Webseite: www:\/\/silentmask.de Umsatzsteuer-Identifikationsnummer gem\u00e4\u00df \u00a7 27 a Umsatzsteuergesetz: [Ad\u00f3sz\u00e1m] Redaktionell verantwortlich: Kov\u00e1cs \u00c1rp\u00e1d N\u00e9metorsz\u00e1g, Pforzheim, 75177, Redtenbacher Str 32A EU-Streitschlichtung: Die Europ\u00e4ische Kommission stellt eine Plattform zur Online-Streitbeilegung (OS) bereit: https:\/\/ec.europa.eu\/consumers\/odr\/. Unsere E-Mail-Adresse finden Sie oben [&hellip;]","og_url":"https:\/\/silentmask.de\/?page_id=91","og_site_name":"silentmask.de","article_modified_time":"2026-02-15T15:42:47+00:00","twitter_card":"summary_large_image","schema":{"@context":"https:\/\/schema.org","@graph":[{"@type":"WebPage","@id":"https:\/\/silentmask.de\/?page_id=91","url":"https:\/\/silentmask.de\/?page_id=91","name":"Impresszum - silentmask.de","isPartOf":{"@id":"https:\/\/silentmask.de\/#website"},"datePublished":"2026-02-15T15:25:55+00:00","dateModified":"2026-02-15T15:42:47+00:00","breadcrumb":{"@id":"https:\/\/silentmask.de\/?page_id=91#breadcrumb"},"inLanguage":"en-US","potentialAction":[{"@type":"ReadAction","target":["https:\/\/silentmask.de\/?page_id=91"]}]},{"@type":"BreadcrumbList","@id":"https:\/\/silentmask.de\/?page_id=91#breadcrumb","itemListElement":[{"@type":"ListItem","position":1,"name":"Home","item":"https:\/\/silentmask.de\/"},{"@type":"ListItem","position":2,"name":"Impresszum"}]},{"@type":"WebSite","@id":"https:\/\/silentmask.de\/#website","url":"https:\/\/silentmask.de\/","name":"silentmask.de","description":"Silent Mask","potentialAction":[{"@type":"SearchAction","target":{"@type":"EntryPoint","urlTemplate":"https:\/\/silentmask.de\/?s={search_term_string}"},"query-input":{"@type":"PropertyValueSpecification","valueRequired":true,"valueName":"search_term_string"}}],"inLanguage":"en-US"}]}},"_links":{"self":[{"href":"https:\/\/silentmask.de\/index.php?rest_route=\/wp\/v2\/pages\/91","targetHints":{"allow":["GET"]}}],"collection":[{"href":"https:\/\/silentmask.de\/index.php?rest_route=\/wp\/v2\/pages"}],"about":[{"href":"https:\/\/silentmask.de\/index.php?rest_route=\/wp\/v2\/types\/page"}],"author":[{"embeddable":true,"href":"https:\/\/silentmask.de\/index.php?rest_route=\/wp\/v2\/users\/1"}],"replies":[{"embeddable":true,"href":"https:\/\/silentmask.de\/index.php?rest_route=%2Fwp%2Fv2%2Fcomments&post=91"}],"version-history":[{"count":4,"href":"https:\/\/silentmask.de\/index.php?rest_route=\/wp\/v2\/pages\/91\/revisions"}],"predecessor-version":[{"id":105,"href":"https:\/\/silentmask.de\/index.php?rest_route=\/wp\/v2\/pages\/91\/revisions\/105"}],"wp:attachment":[{"href":"https:\/\/silentmask.de\/index.php?rest_route=%2Fwp%2Fv2%2Fmedia&parent=91"}],"curies":[{"name":"wp","href":"https:\/\/api.w.org\/{rel}","templated":true}]}}