{"id":85,"date":"2026-02-15T15:17:50","date_gmt":"2026-02-15T15:17:50","guid":{"rendered":"https:\/\/silentmask.de\/?page_id=85"},"modified":"2026-02-15T15:24:52","modified_gmt":"2026-02-15T15:24:52","slug":"adatkezelesi-tajekoztato","status":"publish","type":"page","link":"https:\/\/silentmask.de\/?page_id=85","title":{"rendered":"Adatkezel\u00e9si T\u00e1j\u00e9koztat\u00f3"},"content":{"rendered":"<p>[et_pb_section fb_built=&#8221;1&#8243; theme_builder_area=&#8221;post_content&#8221; _builder_version=&#8221;4.27.5&#8243; _module_preset=&#8221;default&#8221;][et_pb_row _builder_version=&#8221;4.27.5&#8243; _module_preset=&#8221;default&#8221; theme_builder_area=&#8221;post_content&#8221;][et_pb_column _builder_version=&#8221;4.27.5&#8243; _module_preset=&#8221;default&#8221; type=&#8221;4_4&#8243; theme_builder_area=&#8221;post_content&#8221;][et_pb_text _builder_version=&#8221;4.27.5&#8243; _module_preset=&#8221;default&#8221; theme_builder_area=&#8221;post_content&#8221; hover_enabled=&#8221;0&#8243; sticky_enabled=&#8221;0&#8243;]<\/p>\n<p>&nbsp;<\/p>\n<p>DATENSCHUTZERKL\u00c4RUNG<br \/>Diese Datenschutzerkl\u00e4rung informiert die Nutzer dieser Webseite [Ide \u00edrd az URL-t] \u00fcber die Art, den Umfang und den Zweck der Erhebung und Verwendung personenbezogener Daten.<\/p>\n<p>1. Verantwortlicher<br \/>Name: Kov\u00e1cs \u00c1rp\u00e1d<\/p>\n<p>Adresse:<\/p>\n<p>N\u00e9metorsz\u00e1g, Pforzheim, 75177, Redtenbacher Str 32A<\/p>\n<p>E-Mail: kovek1988@gmail.com<\/p>\n<p>2. Keine Datenerhebung<br \/>Wir nehmen den Schutz Ihrer Daten sehr ernst. Diese Webseite ist rein informativ gestaltet und erhebt keine personenbezogenen Daten von Besuchern.<\/p>\n<p>Es gibt keine Registrierungsm\u00f6glichkeit oder Newsletter-Anmeldung.<\/p>\n<p>Es ist kein Kontaktformular vorhanden.<\/p>\n<p>Diese Webseite verwendet keine Cookies zur Identifizierung oder Verfolgung von Nutzern.<\/p>\n<p>3. Hosting (Auftragsverarbeitung)<br \/>Der technische Betrieb dieser Webseite erfolgt durch einen externen Dienstleister. Zur Gew\u00e4hrleistung der Sicherheit und Stabilit\u00e4t des Servers k\u00f6nnen technische Protokolldaten (z.B. IP-Adresse, Zeitpunkt des Zugriffs) kurzzeitig vom Hostinganbieter gespeichert werden.<\/p>\n<p>Anbieter: Rackhost Zrt.<\/p>\n<p>Adresse: Cserepes sor 9, 6725 Szeged, Ungarn (vagy: Tisza Lajos k\u00f6r\u00fat 41, 6722 Szeged)<\/p>\n<p>Webseite: www.rackhost.hu<\/p>\n<p>4. Ihre Rechte<br \/>Da auf dieser Webseite keine personenbezogenen Daten gespeichert werden, bestehen keine Daten, auf die sich ein Auskunfts- oder L\u00f6schungsrecht beziehen k\u00f6nnte. Bei Fragen k\u00f6nnen Sie uns unter der oben genannten E-Mail-Adresse kontaktieren.<\/p>\n<p>Sie haben zudem das Recht, sich bei einer Datenschutz-Aufsichtsbeh\u00f6rde zu beschweren.<\/p>\n<p>[\/et_pb_text][\/et_pb_column][\/et_pb_row][\/et_pb_section]<\/p>\n","protected":false},"excerpt":{"rendered":"<p>&nbsp; DATENSCHUTZERKL\u00c4RUNGDiese Datenschutzerkl\u00e4rung informiert die Nutzer dieser Webseite [Ide \u00edrd az URL-t] \u00fcber die Art, den Umfang und den Zweck der Erhebung und Verwendung personenbezogener Daten. 1. VerantwortlicherName: Kov\u00e1cs \u00c1rp\u00e1d Adresse: N\u00e9metorsz\u00e1g, Pforzheim, 75177, Redtenbacher Str 32A E-Mail: kovek1988@gmail.com 2. Keine DatenerhebungWir nehmen den Schutz Ihrer Daten sehr ernst. Diese Webseite ist rein informativ gestaltet [&hellip;]<\/p>\n","protected":false},"author":1,"featured_media":0,"parent":0,"menu_order":0,"comment_status":"closed","ping_status":"closed","template":"","meta":{"_et_pb_use_builder":"on","_et_pb_old_content":"","_et_gb_content_width":"","footnotes":""},"class_list":["post-85","page","type-page","status-publish","hentry"],"yoast_head":"<!-- This site is optimized with the Yoast SEO plugin v27.3 - https:\/\/yoast.com\/product\/yoast-seo-wordpress\/ -->\n<title>Adatkezel\u00e9si T\u00e1j\u00e9koztat\u00f3 - silentmask.de<\/title>\n<meta name=\"robots\" content=\"noindex, nofollow\" \/>\n<meta property=\"og:locale\" content=\"en_US\" \/>\n<meta property=\"og:type\" content=\"article\" \/>\n<meta property=\"og:title\" content=\"Adatkezel\u00e9si T\u00e1j\u00e9koztat\u00f3 - silentmask.de\" \/>\n<meta property=\"og:description\" content=\"&nbsp; DATENSCHUTZERKL\u00c4RUNGDiese Datenschutzerkl\u00e4rung informiert die Nutzer dieser Webseite [Ide \u00edrd az URL-t] \u00fcber die Art, den Umfang und den Zweck der Erhebung und Verwendung personenbezogener Daten. 1. VerantwortlicherName: Kov\u00e1cs \u00c1rp\u00e1d Adresse: N\u00e9metorsz\u00e1g, Pforzheim, 75177, Redtenbacher Str 32A E-Mail: kovek1988@gmail.com 2. Keine DatenerhebungWir nehmen den Schutz Ihrer Daten sehr ernst. Diese Webseite ist rein informativ gestaltet [&hellip;]\" \/>\n<meta property=\"og:url\" content=\"https:\/\/silentmask.de\/?page_id=85\" \/>\n<meta property=\"og:site_name\" content=\"silentmask.de\" \/>\n<meta property=\"article:modified_time\" content=\"2026-02-15T15:24:52+00:00\" \/>\n<meta name=\"twitter:card\" content=\"summary_large_image\" \/>\n<script type=\"application\/ld+json\" class=\"yoast-schema-graph\">{\"@context\":\"https:\\\/\\\/schema.org\",\"@graph\":[{\"@type\":\"WebPage\",\"@id\":\"https:\\\/\\\/silentmask.de\\\/?page_id=85\",\"url\":\"https:\\\/\\\/silentmask.de\\\/?page_id=85\",\"name\":\"Adatkezel\u00e9si T\u00e1j\u00e9koztat\u00f3 - silentmask.de\",\"isPartOf\":{\"@id\":\"https:\\\/\\\/silentmask.de\\\/#website\"},\"datePublished\":\"2026-02-15T15:17:50+00:00\",\"dateModified\":\"2026-02-15T15:24:52+00:00\",\"breadcrumb\":{\"@id\":\"https:\\\/\\\/silentmask.de\\\/?page_id=85#breadcrumb\"},\"inLanguage\":\"en-US\",\"potentialAction\":[{\"@type\":\"ReadAction\",\"target\":[\"https:\\\/\\\/silentmask.de\\\/?page_id=85\"]}]},{\"@type\":\"BreadcrumbList\",\"@id\":\"https:\\\/\\\/silentmask.de\\\/?page_id=85#breadcrumb\",\"itemListElement\":[{\"@type\":\"ListItem\",\"position\":1,\"name\":\"Home\",\"item\":\"https:\\\/\\\/silentmask.de\\\/\"},{\"@type\":\"ListItem\",\"position\":2,\"name\":\"Adatkezel\u00e9si T\u00e1j\u00e9koztat\u00f3\"}]},{\"@type\":\"WebSite\",\"@id\":\"https:\\\/\\\/silentmask.de\\\/#website\",\"url\":\"https:\\\/\\\/silentmask.de\\\/\",\"name\":\"silentmask.de\",\"description\":\"Silent Mask\",\"potentialAction\":[{\"@type\":\"SearchAction\",\"target\":{\"@type\":\"EntryPoint\",\"urlTemplate\":\"https:\\\/\\\/silentmask.de\\\/?s={search_term_string}\"},\"query-input\":{\"@type\":\"PropertyValueSpecification\",\"valueRequired\":true,\"valueName\":\"search_term_string\"}}],\"inLanguage\":\"en-US\"}]}<\/script>\n<!-- \/ Yoast SEO plugin. -->","yoast_head_json":{"title":"Adatkezel\u00e9si T\u00e1j\u00e9koztat\u00f3 - silentmask.de","robots":{"index":"noindex","follow":"nofollow"},"og_locale":"en_US","og_type":"article","og_title":"Adatkezel\u00e9si T\u00e1j\u00e9koztat\u00f3 - silentmask.de","og_description":"&nbsp; DATENSCHUTZERKL\u00c4RUNGDiese Datenschutzerkl\u00e4rung informiert die Nutzer dieser Webseite [Ide \u00edrd az URL-t] \u00fcber die Art, den Umfang und den Zweck der Erhebung und Verwendung personenbezogener Daten. 1. VerantwortlicherName: Kov\u00e1cs \u00c1rp\u00e1d Adresse: N\u00e9metorsz\u00e1g, Pforzheim, 75177, Redtenbacher Str 32A E-Mail: kovek1988@gmail.com 2. Keine DatenerhebungWir nehmen den Schutz Ihrer Daten sehr ernst. Diese Webseite ist rein informativ gestaltet [&hellip;]","og_url":"https:\/\/silentmask.de\/?page_id=85","og_site_name":"silentmask.de","article_modified_time":"2026-02-15T15:24:52+00:00","twitter_card":"summary_large_image","schema":{"@context":"https:\/\/schema.org","@graph":[{"@type":"WebPage","@id":"https:\/\/silentmask.de\/?page_id=85","url":"https:\/\/silentmask.de\/?page_id=85","name":"Adatkezel\u00e9si T\u00e1j\u00e9koztat\u00f3 - silentmask.de","isPartOf":{"@id":"https:\/\/silentmask.de\/#website"},"datePublished":"2026-02-15T15:17:50+00:00","dateModified":"2026-02-15T15:24:52+00:00","breadcrumb":{"@id":"https:\/\/silentmask.de\/?page_id=85#breadcrumb"},"inLanguage":"en-US","potentialAction":[{"@type":"ReadAction","target":["https:\/\/silentmask.de\/?page_id=85"]}]},{"@type":"BreadcrumbList","@id":"https:\/\/silentmask.de\/?page_id=85#breadcrumb","itemListElement":[{"@type":"ListItem","position":1,"name":"Home","item":"https:\/\/silentmask.de\/"},{"@type":"ListItem","position":2,"name":"Adatkezel\u00e9si T\u00e1j\u00e9koztat\u00f3"}]},{"@type":"WebSite","@id":"https:\/\/silentmask.de\/#website","url":"https:\/\/silentmask.de\/","name":"silentmask.de","description":"Silent Mask","potentialAction":[{"@type":"SearchAction","target":{"@type":"EntryPoint","urlTemplate":"https:\/\/silentmask.de\/?s={search_term_string}"},"query-input":{"@type":"PropertyValueSpecification","valueRequired":true,"valueName":"search_term_string"}}],"inLanguage":"en-US"}]}},"_links":{"self":[{"href":"https:\/\/silentmask.de\/index.php?rest_route=\/wp\/v2\/pages\/85","targetHints":{"allow":["GET"]}}],"collection":[{"href":"https:\/\/silentmask.de\/index.php?rest_route=\/wp\/v2\/pages"}],"about":[{"href":"https:\/\/silentmask.de\/index.php?rest_route=\/wp\/v2\/types\/page"}],"author":[{"embeddable":true,"href":"https:\/\/silentmask.de\/index.php?rest_route=\/wp\/v2\/users\/1"}],"replies":[{"embeddable":true,"href":"https:\/\/silentmask.de\/index.php?rest_route=%2Fwp%2Fv2%2Fcomments&post=85"}],"version-history":[{"count":3,"href":"https:\/\/silentmask.de\/index.php?rest_route=\/wp\/v2\/pages\/85\/revisions"}],"predecessor-version":[{"id":90,"href":"https:\/\/silentmask.de\/index.php?rest_route=\/wp\/v2\/pages\/85\/revisions\/90"}],"wp:attachment":[{"href":"https:\/\/silentmask.de\/index.php?rest_route=%2Fwp%2Fv2%2Fmedia&parent=85"}],"curies":[{"name":"wp","href":"https:\/\/api.w.org\/{rel}","templated":true}]}}